{"id":158,"date":"2020-02-17T15:00:20","date_gmt":"2020-02-17T15:00:20","guid":{"rendered":"http:\/\/bizix.premiumthemes.in\/?page_id=158"},"modified":"2024-05-30T22:56:08","modified_gmt":"2024-05-30T19:56:08","slug":"home-1","status":"publish","type":"page","link":"https:\/\/brandlog.com.tr\/","title":{"rendered":"Home 1"},"content":{"rendered":"\t\t<div data-elementor-type=\"wp-page\" data-elementor-id=\"158\" class=\"elementor elementor-158\">\n\t\t\t\t\t\t\t\t\t<section class=\"elementor-section elementor-top-section elementor-element elementor-element-66881864 elementor-section-stretched elementor-section-boxed elementor-section-height-default elementor-section-height-default\" data-id=\"66881864\" data-element_type=\"section\" data-settings=\"{&quot;stretch_section&quot;:&quot;section-stretched&quot;}\">\n\t\t\t\t\t\t<div class=\"elementor-container elementor-column-gap-no\">\n\t\t\t\t\t<div class=\"elementor-column elementor-col-50 elementor-top-column elementor-element elementor-element-125c2ecd\" data-id=\"125c2ecd\" data-element_type=\"column\">\n\t\t\t<div class=\"elementor-widget-wrap elementor-element-populated\">\n\t\t\t\t\t\t\t\t<div class=\"elementor-element elementor-element-5439f5b3 elementor-widget elementor-widget-image\" data-id=\"5439f5b3\" data-element_type=\"widget\" data-widget_type=\"image.default\">\n\t\t\t\t<div class=\"elementor-widget-container\">\n\t\t\t<style>\/*! elementor - v3.16.0 - 09-10-2023 *\/\n.elementor-widget-image{text-align:center}.elementor-widget-image a{display:inline-block}.elementor-widget-image a img[src$=\".svg\"]{width:48px}.elementor-widget-image img{vertical-align:middle;display:inline-block}<\/style>\t\t\t\t\t\t\t\t\t\t\t\t<img loading=\"lazy\" decoding=\"async\" width=\"512\" height=\"512\" src=\"https:\/\/brandlog.com.tr\/wp-content\/uploads\/2023\/11\/ana.jpg\" class=\"attachment-full size-full wp-image-1986\" alt=\"\" srcset=\"https:\/\/brandlog.com.tr\/wp-content\/uploads\/2023\/11\/ana.jpg 512w, https:\/\/brandlog.com.tr\/wp-content\/uploads\/2023\/11\/ana-300x300.jpg 300w, https:\/\/brandlog.com.tr\/wp-content\/uploads\/2023\/11\/ana-150x150.jpg 150w, https:\/\/brandlog.com.tr\/wp-content\/uploads\/2023\/11\/ana-90x90.jpg 90w\" sizes=\"auto, (max-width: 512px) 100vw, 512px\" \/>\t\t\t\t\t\t\t\t\t\t\t\t\t\t\t<\/div>\n\t\t\t\t<\/div>\n\t\t\t\t\t<\/div>\n\t\t<\/div>\n\t\t\t\t<div class=\"elementor-column elementor-col-50 elementor-top-column elementor-element elementor-element-1b7c9fb3\" data-id=\"1b7c9fb3\" data-element_type=\"column\">\n\t\t\t<div class=\"elementor-widget-wrap elementor-element-populated\">\n\t\t\t\t\t\t\t\t<div class=\"elementor-element elementor-element-4285cd2e gyan-title-st-line-after gyan-title-desc-left elementor-widget elementor-widget-gyan_title\" data-id=\"4285cd2e\" data-element_type=\"widget\" data-widget_type=\"gyan_title.default\">\n\t\t\t\t<div class=\"elementor-widget-container\">\n\t\t\t\t\t<div class=\"gyan-title\">\r\n\t\t\t<div class=\"gyan-title-subtitle\"><span>Brandlog<\/span><\/div><h2 class=\"gyan-title-heading\">Biz Kimiz?<\/h2><div class=\"gyan-title-desc\">           2009 y\u0131l\u0131nda etkinlik hizmetleri ile \u00e7\u0131kt\u0131\u011f\u0131m\u0131z bu yolculu\u011fumuzu 2014 y\u0131l\u0131nda daha kurumsal bir hale ta\u015f\u0131yarak toplumun t\u00fcm\u00fcn\u00fcn ortak fayda sa\u011flayabilece\u011fi hizmet t\u00fcrleri ile sizlere daha modern, yenilik\u00e7i ve kaliteli hizmet sunmak i\u00e7in \u00e7al\u0131\u015f\u0131yoruz.\n\n            G\u00fcnden g\u00fcne inovasyon \u00e7al\u0131\u015fmalar\u0131 ile b\u00fcy\u00fctt\u00fc\u011f\u00fcm\u00fcz hizmet yelpazemizi hayata ge\u00e7irirken t\u00fcm projelerimizde sorumluluk bilinci ve duygusu ile hareket ediyoruz. Bu ba\u011flamda hizmetlerimiz; \n<\/div>\t\t<\/div>\r\n\t\t\t\t<\/div>\n\t\t\t\t<\/div>\n\t\t\t\t<div class=\"elementor-element elementor-element-7308ca5e elementor-widget elementor-widget-text-editor\" data-id=\"7308ca5e\" data-element_type=\"widget\" data-widget_type=\"text-editor.default\">\n\t\t\t\t<div class=\"elementor-widget-container\">\n\t\t\t<style>\/*! elementor - v3.16.0 - 09-10-2023 *\/\n.elementor-widget-text-editor.elementor-drop-cap-view-stacked .elementor-drop-cap{background-color:#69727d;color:#fff}.elementor-widget-text-editor.elementor-drop-cap-view-framed .elementor-drop-cap{color:#69727d;border:3px solid;background-color:transparent}.elementor-widget-text-editor:not(.elementor-drop-cap-view-default) .elementor-drop-cap{margin-top:8px}.elementor-widget-text-editor:not(.elementor-drop-cap-view-default) .elementor-drop-cap-letter{width:1em;height:1em}.elementor-widget-text-editor .elementor-drop-cap{float:left;text-align:center;line-height:1;font-size:50px}.elementor-widget-text-editor .elementor-drop-cap-letter{display:inline-block}<\/style>\t\t\t\t<p>Park ve bah\u00e7e ayd\u0131nlatmalar\u0131<\/p><p>\u00c7ocuk oyun parklar\u0131<\/p><p>S\u0131f\u0131r at\u0131k geri d\u00f6n\u00fc\u015f\u00fcm projeleri<\/p><p>Ges projeleri<\/p><p>Hijyen malzemeleri<\/p><p>Ramazan etkinlikleri<\/p><p>\u00d6zel g\u00fcn etkinlikleri<\/p><p>ile t\u00fcm T\u00fcrkiye\u2019de uygun fiyat, zaman\u0131nda teslim ve g\u00fcvenilir hizmet mottosuyla \u00e7al\u0131\u015fmalar\u0131m\u0131z\u0131 s\u00fcrd\u00fcrmekteyiz.<\/p>\t\t\t\t\t\t<\/div>\n\t\t\t\t<\/div>\n\t\t\t\t<div class=\"elementor-element elementor-element-14510f58 elementor-widget elementor-widget-button\" data-id=\"14510f58\" data-element_type=\"widget\" data-widget_type=\"button.default\">\n\t\t\t\t<div class=\"elementor-widget-container\">\n\t\t\t\t\t<div class=\"elementor-button-wrapper\">\n\t\t\t<a class=\"elementor-button elementor-button-link elementor-size-sm\" href=\"\/?page_id=1879\">\n\t\t\t\t\t\t<span class=\"elementor-button-content-wrapper\">\n\t\t\t\t\t\t<span class=\"elementor-button-text\">\u0130leti\u015fim<\/span>\n\t\t<\/span>\n\t\t\t\t\t<\/a>\n\t\t<\/div>\n\t\t\t\t<\/div>\n\t\t\t\t<\/div>\n\t\t\t\t\t<\/div>\n\t\t<\/div>\n\t\t\t\t\t\t\t<\/div>\n\t\t<\/section>\n\t\t\t\t<section class=\"elementor-section elementor-top-section elementor-element elementor-element-53b45fd4 elementor-section-boxed elementor-section-height-default elementor-section-height-default\" data-id=\"53b45fd4\" data-element_type=\"section\">\n\t\t\t\t\t\t<div class=\"elementor-container elementor-column-gap-no\">\n\t\t\t\t\t<div class=\"elementor-column elementor-col-100 elementor-top-column elementor-element elementor-element-f21d4cb\" data-id=\"f21d4cb\" data-element_type=\"column\">\n\t\t\t<div class=\"elementor-widget-wrap elementor-element-populated\">\n\t\t\t\t\t\t\t\t<div class=\"elementor-element elementor-element-307181bf elementor-widget-divider--view-line elementor-widget elementor-widget-divider\" data-id=\"307181bf\" data-element_type=\"widget\" data-widget_type=\"divider.default\">\n\t\t\t\t<div class=\"elementor-widget-container\">\n\t\t\t<style>\/*! elementor - v3.16.0 - 09-10-2023 *\/\n.elementor-widget-divider{--divider-border-style:none;--divider-border-width:1px;--divider-color:#0c0d0e;--divider-icon-size:20px;--divider-element-spacing:10px;--divider-pattern-height:24px;--divider-pattern-size:20px;--divider-pattern-url:none;--divider-pattern-repeat:repeat-x}.elementor-widget-divider .elementor-divider{display:flex}.elementor-widget-divider .elementor-divider__text{font-size:15px;line-height:1;max-width:95%}.elementor-widget-divider .elementor-divider__element{margin:0 var(--divider-element-spacing);flex-shrink:0}.elementor-widget-divider .elementor-icon{font-size:var(--divider-icon-size)}.elementor-widget-divider .elementor-divider-separator{display:flex;margin:0;direction:ltr}.elementor-widget-divider--view-line_icon .elementor-divider-separator,.elementor-widget-divider--view-line_text .elementor-divider-separator{align-items:center}.elementor-widget-divider--view-line_icon .elementor-divider-separator:after,.elementor-widget-divider--view-line_icon .elementor-divider-separator:before,.elementor-widget-divider--view-line_text .elementor-divider-separator:after,.elementor-widget-divider--view-line_text .elementor-divider-separator:before{display:block;content:\"\";border-bottom:0;flex-grow:1;border-top:var(--divider-border-width) var(--divider-border-style) var(--divider-color)}.elementor-widget-divider--element-align-left .elementor-divider .elementor-divider-separator>.elementor-divider__svg:first-of-type{flex-grow:0;flex-shrink:100}.elementor-widget-divider--element-align-left .elementor-divider-separator:before{content:none}.elementor-widget-divider--element-align-left .elementor-divider__element{margin-left:0}.elementor-widget-divider--element-align-right .elementor-divider .elementor-divider-separator>.elementor-divider__svg:last-of-type{flex-grow:0;flex-shrink:100}.elementor-widget-divider--element-align-right .elementor-divider-separator:after{content:none}.elementor-widget-divider--element-align-right .elementor-divider__element{margin-right:0}.elementor-widget-divider:not(.elementor-widget-divider--view-line_text):not(.elementor-widget-divider--view-line_icon) .elementor-divider-separator{border-top:var(--divider-border-width) var(--divider-border-style) var(--divider-color)}.elementor-widget-divider--separator-type-pattern{--divider-border-style:none}.elementor-widget-divider--separator-type-pattern.elementor-widget-divider--view-line .elementor-divider-separator,.elementor-widget-divider--separator-type-pattern:not(.elementor-widget-divider--view-line) .elementor-divider-separator:after,.elementor-widget-divider--separator-type-pattern:not(.elementor-widget-divider--view-line) .elementor-divider-separator:before,.elementor-widget-divider--separator-type-pattern:not([class*=elementor-widget-divider--view]) .elementor-divider-separator{width:100%;min-height:var(--divider-pattern-height);-webkit-mask-size:var(--divider-pattern-size) 100%;mask-size:var(--divider-pattern-size) 100%;-webkit-mask-repeat:var(--divider-pattern-repeat);mask-repeat:var(--divider-pattern-repeat);background-color:var(--divider-color);-webkit-mask-image:var(--divider-pattern-url);mask-image:var(--divider-pattern-url)}.elementor-widget-divider--no-spacing{--divider-pattern-size:auto}.elementor-widget-divider--bg-round{--divider-pattern-repeat:round}.rtl .elementor-widget-divider .elementor-divider__text{direction:rtl}.e-con-inner>.elementor-widget-divider,.e-con>.elementor-widget-divider{width:var(--container-widget-width,100%);--flex-grow:var(--container-widget-flex-grow)}<\/style>\t\t<div class=\"elementor-divider\">\n\t\t\t<span class=\"elementor-divider-separator\">\n\t\t\t\t\t\t<\/span>\n\t\t<\/div>\n\t\t\t\t<\/div>\n\t\t\t\t<\/div>\n\t\t\t\t\t<\/div>\n\t\t<\/div>\n\t\t\t\t\t\t\t<\/div>\n\t\t<\/section>\n\t\t\t\t<section class=\"elementor-section elementor-top-section elementor-element elementor-element-2ed0b828 elementor-section-boxed elementor-section-height-default elementor-section-height-default\" data-id=\"2ed0b828\" data-element_type=\"section\">\n\t\t\t\t\t\t<div class=\"elementor-container elementor-column-gap-no\">\n\t\t\t\t\t<div class=\"elementor-column elementor-col-100 elementor-top-column elementor-element elementor-element-6b4b3032\" data-id=\"6b4b3032\" data-element_type=\"column\">\n\t\t\t<div class=\"elementor-widget-wrap elementor-element-populated\">\n\t\t\t\t\t\t\t\t<div class=\"elementor-element elementor-element-728fe4d8 elementor-widget elementor-widget-gyan_image_carousel\" data-id=\"728fe4d8\" data-element_type=\"widget\" data-widget_type=\"gyan_image_carousel.default\">\n\t\t\t\t<div class=\"elementor-widget-container\">\n\t\t\t\t\t<div class=\"gyan-image-carousel owl-carousel gyan-image-carousel-g2c\" data-autoplay=\"yes\" data-pause=\"\" data-mouse-drag=\"yes\" data-touch-drag=\"yes\" data-loop=\"yes\" data-speed=\"1000\" data-delay=\"5000\" data-margin=\"50\" data-breakpoint1-items=\"10\" data-breakpoint2-items=\"4\" data-breakpoint3-items=\"3\" data-breakpoint4-items=\"2\" data-breakpoint5-items=\"2\" data-breakpoint6-items=\"1\" data-rtl=\"false\">\r\n\t\t\t\t\t\t\t\t\t\t<div class=\"gyan-image-item\">\r\n\t\t\t\t\t\t\t\t<div class=\"gyan-image-item-inner\">\r\n\t\t\t\t\t\t\t\t\t<a href=\"\" >\r\n\t\t\t\t\t\t\t\t\t\t<img loading=\"lazy\" decoding=\"async\" width=\"117\" height=\"120\" src=\"https:\/\/brandlog.com.tr\/wp-content\/uploads\/2023\/11\/Resim13.png\" class=\"attachment-full size-full\" alt=\"1\" \/>\t\t\t\t\t\t\t\t\t<\/a>\r\n\t\t\t\t\t\t\t\t<\/div>\r\n\t\t\t\t\t\t\t<\/div>\r\n\t\t\t\t\t\t\t\t\t\t\t\t\t\t<div class=\"gyan-image-item\">\r\n\t\t\t\t\t\t\t\t<div class=\"gyan-image-item-inner\">\r\n\t\t\t\t\t\t\t\t\t<a href=\"\" >\r\n\t\t\t\t\t\t\t\t\t\t<img loading=\"lazy\" decoding=\"async\" width=\"134\" height=\"99\" src=\"https:\/\/brandlog.com.tr\/wp-content\/uploads\/2023\/11\/Resim12.png\" class=\"attachment-full size-full\" alt=\"2\" \/>\t\t\t\t\t\t\t\t\t<\/a>\r\n\t\t\t\t\t\t\t\t<\/div>\r\n\t\t\t\t\t\t\t<\/div>\r\n\t\t\t\t\t\t\t\t\t\t\t\t\t\t<div class=\"gyan-image-item\">\r\n\t\t\t\t\t\t\t\t<div class=\"gyan-image-item-inner\">\r\n\t\t\t\t\t\t\t\t\t<a href=\"\" >\r\n\t\t\t\t\t\t\t\t\t\t<img loading=\"lazy\" decoding=\"async\" width=\"119\" height=\"114\" src=\"https:\/\/brandlog.com.tr\/wp-content\/uploads\/2023\/11\/Resim11.png\" class=\"attachment-full size-full\" alt=\"3\" \/>\t\t\t\t\t\t\t\t\t<\/a>\r\n\t\t\t\t\t\t\t\t<\/div>\r\n\t\t\t\t\t\t\t<\/div>\r\n\t\t\t\t\t\t\t\t\t\t\t\t\t\t<div class=\"gyan-image-item\">\r\n\t\t\t\t\t\t\t\t<div class=\"gyan-image-item-inner\">\r\n\t\t\t\t\t\t\t\t\t<a href=\"\" >\r\n\t\t\t\t\t\t\t\t\t\t<img loading=\"lazy\" decoding=\"async\" width=\"126\" height=\"121\" src=\"https:\/\/brandlog.com.tr\/wp-content\/uploads\/2023\/11\/Resim10.png\" class=\"attachment-full size-full\" alt=\"4\" \/>\t\t\t\t\t\t\t\t\t<\/a>\r\n\t\t\t\t\t\t\t\t<\/div>\r\n\t\t\t\t\t\t\t<\/div>\r\n\t\t\t\t\t\t\t\t\t\t\t\t\t\t<div class=\"gyan-image-item\">\r\n\t\t\t\t\t\t\t\t<div class=\"gyan-image-item-inner\">\r\n\t\t\t\t\t\t\t\t\t<a href=\"\" >\r\n\t\t\t\t\t\t\t\t\t\t<img loading=\"lazy\" decoding=\"async\" width=\"126\" height=\"95\" src=\"https:\/\/brandlog.com.tr\/wp-content\/uploads\/2023\/11\/Resim8.png\" class=\"attachment-full size-full\" alt=\"6\" \/>\t\t\t\t\t\t\t\t\t<\/a>\r\n\t\t\t\t\t\t\t\t<\/div>\r\n\t\t\t\t\t\t\t<\/div>\r\n\t\t\t\t\t\t\t\t\t\t\t\t\t\t<div class=\"gyan-image-item\">\r\n\t\t\t\t\t\t\t\t<div class=\"gyan-image-item-inner\">\r\n\t\t\t\t\t\t\t\t\t<a href=\"\" >\r\n\t\t\t\t\t\t\t\t\t\t<img loading=\"lazy\" decoding=\"async\" width=\"115\" height=\"114\" src=\"https:\/\/brandlog.com.tr\/wp-content\/uploads\/2023\/11\/Resim7.png\" class=\"attachment-full size-full\" alt=\"7\" srcset=\"https:\/\/brandlog.com.tr\/wp-content\/uploads\/2023\/11\/Resim7.png 115w, https:\/\/brandlog.com.tr\/wp-content\/uploads\/2023\/11\/Resim7-90x90.png 90w\" sizes=\"auto, (max-width: 115px) 100vw, 115px\" \/>\t\t\t\t\t\t\t\t\t<\/a>\r\n\t\t\t\t\t\t\t\t<\/div>\r\n\t\t\t\t\t\t\t<\/div>\r\n\t\t\t\t\t\t\t\t\t\t\t\t\t\t<div class=\"gyan-image-item\">\r\n\t\t\t\t\t\t\t\t<div class=\"gyan-image-item-inner\">\r\n\t\t\t\t\t\t\t\t\t<a href=\"\" >\r\n\t\t\t\t\t\t\t\t\t\t<img loading=\"lazy\" decoding=\"async\" width=\"113\" height=\"113\" src=\"https:\/\/brandlog.com.tr\/wp-content\/uploads\/2023\/11\/Resim5.png\" class=\"attachment-full size-full\" alt=\"8\" srcset=\"https:\/\/brandlog.com.tr\/wp-content\/uploads\/2023\/11\/Resim5.png 113w, https:\/\/brandlog.com.tr\/wp-content\/uploads\/2023\/11\/Resim5-90x90.png 90w\" sizes=\"auto, (max-width: 113px) 100vw, 113px\" \/>\t\t\t\t\t\t\t\t\t<\/a>\r\n\t\t\t\t\t\t\t\t<\/div>\r\n\t\t\t\t\t\t\t<\/div>\r\n\t\t\t\t\t\t\t\t\t\t\t\t\t\t<div class=\"gyan-image-item\">\r\n\t\t\t\t\t\t\t\t<div class=\"gyan-image-item-inner\">\r\n\t\t\t\t\t\t\t\t\t<a href=\"\" >\r\n\t\t\t\t\t\t\t\t\t\t<img loading=\"lazy\" decoding=\"async\" width=\"113\" height=\"112\" src=\"https:\/\/brandlog.com.tr\/wp-content\/uploads\/2023\/11\/Resim4.png\" class=\"attachment-full size-full\" alt=\"9\" srcset=\"https:\/\/brandlog.com.tr\/wp-content\/uploads\/2023\/11\/Resim4.png 113w, https:\/\/brandlog.com.tr\/wp-content\/uploads\/2023\/11\/Resim4-90x90.png 90w\" sizes=\"auto, (max-width: 113px) 100vw, 113px\" \/>\t\t\t\t\t\t\t\t\t<\/a>\r\n\t\t\t\t\t\t\t\t<\/div>\r\n\t\t\t\t\t\t\t<\/div>\r\n\t\t\t\t\t\t\t\t\t\t\t\t\t\t<div class=\"gyan-image-item\">\r\n\t\t\t\t\t\t\t\t<div class=\"gyan-image-item-inner\">\r\n\t\t\t\t\t\t\t\t\t<a href=\"\" >\r\n\t\t\t\t\t\t\t\t\t\t<img loading=\"lazy\" decoding=\"async\" width=\"129\" height=\"111\" src=\"https:\/\/brandlog.com.tr\/wp-content\/uploads\/2023\/11\/Resim3.png\" class=\"attachment-full size-full\" alt=\"10\" \/>\t\t\t\t\t\t\t\t\t<\/a>\r\n\t\t\t\t\t\t\t\t<\/div>\r\n\t\t\t\t\t\t\t<\/div>\r\n\t\t\t\t\t\t\t\t\t\t\t\t\t\t<div class=\"gyan-image-item\">\r\n\t\t\t\t\t\t\t\t<div class=\"gyan-image-item-inner\">\r\n\t\t\t\t\t\t\t\t\t<a href=\"\" >\r\n\t\t\t\t\t\t\t\t\t\t<img loading=\"lazy\" decoding=\"async\" width=\"117\" height=\"116\" src=\"https:\/\/brandlog.com.tr\/wp-content\/uploads\/2023\/11\/Resim2.png\" class=\"attachment-full size-full\" alt=\"11\" srcset=\"https:\/\/brandlog.com.tr\/wp-content\/uploads\/2023\/11\/Resim2.png 117w, https:\/\/brandlog.com.tr\/wp-content\/uploads\/2023\/11\/Resim2-90x90.png 90w\" sizes=\"auto, (max-width: 117px) 100vw, 117px\" \/>\t\t\t\t\t\t\t\t\t<\/a>\r\n\t\t\t\t\t\t\t\t<\/div>\r\n\t\t\t\t\t\t\t<\/div>\r\n\t\t\t\t\t\t\t\t\t\t\t\t\t\t<div class=\"gyan-image-item\">\r\n\t\t\t\t\t\t\t\t<div class=\"gyan-image-item-inner\">\r\n\t\t\t\t\t\t\t\t\t<a href=\"\" >\r\n\t\t\t\t\t\t\t\t\t\t<img loading=\"lazy\" decoding=\"async\" width=\"134\" height=\"106\" src=\"https:\/\/brandlog.com.tr\/wp-content\/uploads\/2023\/11\/Resim1.png\" class=\"attachment-full size-full\" alt=\"12\" \/>\t\t\t\t\t\t\t\t\t<\/a>\r\n\t\t\t\t\t\t\t\t<\/div>\r\n\t\t\t\t\t\t\t<\/div>\r\n\t\t\t\t\t\t\t\t\t<\/div>\r\n\t\t\t\t<\/div>\n\t\t\t\t<\/div>\n\t\t\t\t\t<\/div>\n\t\t<\/div>\n\t\t\t\t\t\t\t<\/div>\n\t\t<\/section>\n\t\t\t\t<section class=\"elementor-section elementor-top-section elementor-element elementor-element-31fa2783 elementor-section-stretched elementor-section-boxed elementor-section-height-default elementor-section-height-default\" data-id=\"31fa2783\" data-element_type=\"section\" data-settings=\"{&quot;stretch_section&quot;:&quot;section-stretched&quot;,&quot;background_background&quot;:&quot;classic&quot;}\">\n\t\t\t\t\t\t<div class=\"elementor-container elementor-column-gap-no\">\n\t\t\t\t\t<div class=\"elementor-column elementor-col-100 elementor-top-column elementor-element elementor-element-534fccd7\" data-id=\"534fccd7\" data-element_type=\"column\">\n\t\t\t<div class=\"elementor-widget-wrap elementor-element-populated\">\n\t\t\t\t\t\t\t\t<section class=\"elementor-section elementor-inner-section elementor-element elementor-element-40f62d9 elementor-section-boxed elementor-section-height-default elementor-section-height-default\" data-id=\"40f62d9\" data-element_type=\"section\">\n\t\t\t\t\t\t<div class=\"elementor-container elementor-column-gap-no\">\n\t\t\t\t\t<div class=\"elementor-column elementor-col-50 elementor-inner-column elementor-element elementor-element-113f0c16\" data-id=\"113f0c16\" data-element_type=\"column\">\n\t\t\t<div class=\"elementor-widget-wrap elementor-element-populated\">\n\t\t\t\t\t\t\t\t<div class=\"elementor-element elementor-element-50cab4db elementor-widget elementor-widget-image\" data-id=\"50cab4db\" data-element_type=\"widget\" data-widget_type=\"image.default\">\n\t\t\t\t<div class=\"elementor-widget-container\">\n\t\t\t\t\t\t\t\t\t\t\t\t\t\t\t<img loading=\"lazy\" decoding=\"async\" width=\"670\" height=\"600\" src=\"https:\/\/brandlog.com.tr\/wp-content\/uploads\/2023\/11\/ref-670x600.jpg\" class=\"attachment-swm_image_size_square size-swm_image_size_square wp-image-1978\" alt=\"\" \/>\t\t\t\t\t\t\t\t\t\t\t\t\t\t\t<\/div>\n\t\t\t\t<\/div>\n\t\t\t\t\t<\/div>\n\t\t<\/div>\n\t\t\t\t<div class=\"elementor-column elementor-col-50 elementor-inner-column elementor-element elementor-element-3cef0ee\" data-id=\"3cef0ee\" data-element_type=\"column\" data-settings=\"{&quot;background_background&quot;:&quot;classic&quot;}\">\n\t\t\t<div class=\"elementor-widget-wrap elementor-element-populated\">\n\t\t\t\t\t\t\t\t<div class=\"elementor-element elementor-element-18c432a7 elementor-widget elementor-widget-heading\" data-id=\"18c432a7\" data-element_type=\"widget\" data-widget_type=\"heading.default\">\n\t\t\t\t<div class=\"elementor-widget-container\">\n\t\t\t<style>\/*! elementor - v3.16.0 - 09-10-2023 *\/\n.elementor-heading-title{padding:0;margin:0;line-height:1}.elementor-widget-heading .elementor-heading-title[class*=elementor-size-]>a{color:inherit;font-size:inherit;line-height:inherit}.elementor-widget-heading .elementor-heading-title.elementor-size-small{font-size:15px}.elementor-widget-heading .elementor-heading-title.elementor-size-medium{font-size:19px}.elementor-widget-heading .elementor-heading-title.elementor-size-large{font-size:29px}.elementor-widget-heading .elementor-heading-title.elementor-size-xl{font-size:39px}.elementor-widget-heading .elementor-heading-title.elementor-size-xxl{font-size:59px}<\/style><h2 class=\"elementor-heading-title elementor-size-default\">\u0130leti\u015fime Ge\u00e7in<\/h2>\t\t<\/div>\n\t\t\t\t<\/div>\n\t\t\t\t<div class=\"elementor-element elementor-element-247f14af gyan-cf7-style-underline gyan-cf7-button-left gyan-cf7-highlight-style-default elementor-widget elementor-widget-gyan_contact_form_styler\" data-id=\"247f14af\" data-element_type=\"widget\" data-widget_type=\"gyan_contact_form_styler.default\">\n\t\t\t\t<div class=\"elementor-widget-container\">\n\t\t\t\t\t\t\t<div class = \"gyan-cf7-container\">\n\t\t\t\t\t\t<div class = \"gyan-cf7 gyan-cf7-style elementor-clickable\">\n\t\t\t\t\t\t\n<div class=\"wpcf7 no-js\" id=\"wpcf7-f175-o1\" lang=\"en-US\" dir=\"ltr\">\n<div class=\"screen-reader-response\"><p role=\"status\" aria-live=\"polite\" aria-atomic=\"true\"><\/p> <ul><\/ul><\/div>\n<form action=\"\/index.php?rest_route=%2Fwp%2Fv2%2Fpages%2F158#wpcf7-f175-o1\" method=\"post\" class=\"wpcf7-form init\" aria-label=\"Contact form\" novalidate=\"novalidate\" data-status=\"init\">\n<div style=\"display: none;\">\n<input type=\"hidden\" name=\"_wpcf7\" value=\"175\" \/>\n<input type=\"hidden\" name=\"_wpcf7_version\" value=\"5.8.1\" \/>\n<input type=\"hidden\" name=\"_wpcf7_locale\" value=\"en_US\" \/>\n<input type=\"hidden\" name=\"_wpcf7_unit_tag\" value=\"wpcf7-f175-o1\" \/>\n<input type=\"hidden\" name=\"_wpcf7_container_post\" value=\"0\" \/>\n<input type=\"hidden\" name=\"_wpcf7_posted_data_hash\" value=\"\" \/>\n<\/div>\n<div class=\"swm-row\" style=\"margin:0 -20px;\">\n\t<div class=\"swm-column swm-column2 swm-no-gap-row\">\n\t\t<div class=\"swm-column-gap\" style=\"padding:0 20px;\">\n\t\t\t<p><span class=\"gyan-cf7-icon icon-right\"><i class=\"far fa-user\"><\/i><span class=\"wpcf7-form-control-wrap\" data-name=\"your-name\"><input size=\"40\" class=\"wpcf7-form-control wpcf7-text wpcf7-validates-as-required\" aria-required=\"true\" aria-invalid=\"false\" placeholder=\"Ad\u0131n\u0131z\" value=\"\" type=\"text\" name=\"your-name\" \/><\/span><\/span>\n\t\t\t<\/p>\n\t\t<\/div>\n\t<\/div>\n\t<div class=\"swm-column swm-column2 swm-no-gap-row\">\n\t\t<div class=\"swm-column-gap\" style=\"padding:0 20px;\">\n\t\t\t<p><span class=\"gyan-cf7-icon icon-right\"><i class=\"far fa-envelope-open\"><\/i><span class=\"wpcf7-form-control-wrap\" data-name=\"your-email\"><input size=\"40\" class=\"wpcf7-form-control wpcf7-email wpcf7-validates-as-required wpcf7-text wpcf7-validates-as-email\" aria-required=\"true\" aria-invalid=\"false\" placeholder=\"Mail Adresiniz\" value=\"\" type=\"email\" name=\"your-email\" \/><\/span><\/span>\n\t\t\t<\/p>\n\t\t<\/div>\n\t<\/div>\n<\/div>\n<div class=\"swm-row\" style=\"margin:0 -20px;\">\n\t<div class=\"swm-column swm-column2 swm-no-gap-row\">\n\t\t<div class=\"swm-column-gap\" style=\"padding:0 20px;\">\n\t\t\t<p><span class=\"gyan-cf7-icon icon-right\"><i class=\"fab fa-whatsapp\"><\/i><span class=\"wpcf7-form-control-wrap\" data-name=\"your-phone\"><input size=\"40\" class=\"wpcf7-form-control wpcf7-text\" aria-invalid=\"false\" placeholder=\"Telefon Numaran\u0131z.\" value=\"\" type=\"text\" name=\"your-phone\" \/><\/span><\/span>\n\t\t\t<\/p>\n\t\t<\/div>\n\t<\/div>\n\t<div class=\"swm-column swm-column2 swm-no-gap-row\">\n\t\t<div class=\"swm-column-gap\" style=\"padding:0 20px;\">\n\t\t\t<p><span class=\"gyan-cf7-icon icon-right\"><i class=\"far fa-edit\"><\/i><span class=\"wpcf7-form-control-wrap\" data-name=\"your-subject\"><input size=\"40\" class=\"wpcf7-form-control wpcf7-text\" aria-invalid=\"false\" placeholder=\"Konu\" value=\"\" type=\"text\" name=\"your-subject\" \/><\/span><\/span>\n\t\t\t<\/p>\n\t\t<\/div>\n\t<\/div>\n<\/div>\n<div>\n\t<p><span class=\"gyan-cf7-icon icon-right\"><i class=\"far fa-comment-dots\"><\/i><span class=\"wpcf7-form-control-wrap\" data-name=\"your-message\"><textarea cols=\"40\" rows=\"10\" class=\"wpcf7-form-control wpcf7-textarea\" aria-invalid=\"false\" placeholder=\"Mesaj\u0131n\u0131z\" name=\"your-message\"><\/textarea><\/span><\/span>\n\t<\/p>\n<\/div>\n<p><input class=\"wpcf7-form-control wpcf7-submit has-spinner\" type=\"submit\" value=\"G\u00f6nder\" \/>\n<\/p><div class=\"wpcf7-response-output\" aria-hidden=\"true\"><\/div>\n<\/form>\n<\/div>\n\t\t\t\t\t<\/div>\n\t\t\t\t<\/div>\n\t\t\t\t\t\t<\/div>\n\t\t\t\t<\/div>\n\t\t\t\t\t<\/div>\n\t\t<\/div>\n\t\t\t\t\t\t\t<\/div>\n\t\t<\/section>\n\t\t\t\t\t<\/div>\n\t\t<\/div>\n\t\t\t\t\t\t\t<\/div>\n\t\t<\/section>\n\t\t\t\t\t\t\t<\/div>\n\t\t","protected":false},"excerpt":{"rendered":"<p>Brandlog Biz Kimiz? 2009 y\u0131l\u0131nda etkinlik hizmetleri ile \u00e7\u0131kt\u0131\u011f\u0131m\u0131z bu yolculu\u011fumuzu 2014 y\u0131l\u0131nda daha kurumsal bir hale ta\u015f\u0131yarak toplumun t\u00fcm\u00fcn\u00fcn ortak fayda sa\u011flayabilece\u011fi hizmet t\u00fcrleri ile sizlere daha modern, yenilik\u00e7i ve kaliteli hizmet sunmak i\u00e7in \u00e7al\u0131\u015f\u0131yoruz. G\u00fcnden g\u00fcne inovasyon \u00e7al\u0131\u015fmalar\u0131 ile b\u00fcy\u00fctt\u00fc\u011f\u00fcm\u00fcz hizmet yelpazemizi hayata ge\u00e7irirken t\u00fcm projelerimizde sorumluluk bilinci [&hellip;]<\/p>\n","protected":false},"author":1,"featured_media":0,"parent":0,"menu_order":0,"comment_status":"closed","ping_status":"closed","template":"elementor_header_footer","meta":{"footnotes":""},"class_list":["post-158","page","type-page","status-publish","hentry"],"_links":{"self":[{"href":"https:\/\/brandlog.com.tr\/index.php?rest_route=\/wp\/v2\/pages\/158","targetHints":{"allow":["GET"]}}],"collection":[{"href":"https:\/\/brandlog.com.tr\/index.php?rest_route=\/wp\/v2\/pages"}],"about":[{"href":"https:\/\/brandlog.com.tr\/index.php?rest_route=\/wp\/v2\/types\/page"}],"author":[{"embeddable":true,"href":"https:\/\/brandlog.com.tr\/index.php?rest_route=\/wp\/v2\/users\/1"}],"replies":[{"embeddable":true,"href":"https:\/\/brandlog.com.tr\/index.php?rest_route=%2Fwp%2Fv2%2Fcomments&post=158"}],"version-history":[{"count":31,"href":"https:\/\/brandlog.com.tr\/index.php?rest_route=\/wp\/v2\/pages\/158\/revisions"}],"predecessor-version":[{"id":2076,"href":"https:\/\/brandlog.com.tr\/index.php?rest_route=\/wp\/v2\/pages\/158\/revisions\/2076"}],"wp:attachment":[{"href":"https:\/\/brandlog.com.tr\/index.php?rest_route=%2Fwp%2Fv2%2Fmedia&parent=158"}],"curies":[{"name":"wp","href":"https:\/\/api.w.org\/{rel}","templated":true}]}}